{"id":1322,"date":"2023-07-19T04:45:21","date_gmt":"2023-07-19T04:45:21","guid":{"rendered":"https:\/\/www.xadv.eu\/?page_id=1322"},"modified":"2023-07-22T04:40:35","modified_gmt":"2023-07-22T04:40:35","slug":"news","status":"publish","type":"page","link":"https:\/\/www.xadv.eu\/hu\/news\/","title":{"rendered":"Hirek"},"content":{"rendered":"<div data-elementor-type=\"wp-page\" data-elementor-id=\"1322\" class=\"elementor elementor-1322\">\n\t\t\t\t\t\t<section class=\"elementor-section elementor-top-section elementor-element elementor-element-43c4cc3 elementor-section-boxed elementor-section-height-default elementor-section-height-default\" data-id=\"43c4cc3\" data-element_type=\"section\" data-settings=\"{&quot;background_background&quot;:&quot;classic&quot;}\">\n\t\t\t\t\t\t\t<div class=\"elementor-background-overlay\"><\/div>\n\t\t\t\t\t\t\t<div class=\"elementor-container elementor-column-gap-default\">\n\t\t\t\t\t<div class=\"elementor-column elementor-col-66 elementor-top-column elementor-element elementor-element-ae84102\" data-id=\"ae84102\" data-element_type=\"column\">\n\t\t\t<div class=\"elementor-widget-wrap elementor-element-populated\">\n\t\t\t\t\t\t<div class=\"elementor-element elementor-element-9c8da45 elementor-widget elementor-widget-heading\" data-id=\"9c8da45\" data-element_type=\"widget\" data-widget_type=\"heading.default\">\n\t\t\t\t<div class=\"elementor-widget-container\">\n\t\t\t<style>\/*! elementor - v3.20.0 - 26-03-2024 *\/\n.elementor-heading-title{padding:0;margin:0;line-height:1}.elementor-widget-heading .elementor-heading-title[class*=elementor-size-]>a{color:inherit;font-size:inherit;line-height:inherit}.elementor-widget-heading .elementor-heading-title.elementor-size-small{font-size:15px}.elementor-widget-heading .elementor-heading-title.elementor-size-medium{font-size:19px}.elementor-widget-heading .elementor-heading-title.elementor-size-large{font-size:29px}.elementor-widget-heading .elementor-heading-title.elementor-size-xl{font-size:39px}.elementor-widget-heading .elementor-heading-title.elementor-size-xxl{font-size:59px}<\/style><h2 class=\"elementor-heading-title elementor-size-default\">Hirek<\/h2>\t\t<\/div>\n\t\t\t\t<\/div>\n\t\t\t\t<div class=\"elementor-element elementor-element-f67328c elementor-widget elementor-widget-text-editor\" data-id=\"f67328c\" data-element_type=\"widget\" data-widget_type=\"text-editor.default\">\n\t\t\t\t<div class=\"elementor-widget-container\">\n\t\t\t<style>\/*! elementor - v3.20.0 - 26-03-2024 *\/\n.elementor-widget-text-editor.elementor-drop-cap-view-stacked .elementor-drop-cap{background-color:#69727d;color:#fff}.elementor-widget-text-editor.elementor-drop-cap-view-framed .elementor-drop-cap{color:#69727d;border:3px solid;background-color:transparent}.elementor-widget-text-editor:not(.elementor-drop-cap-view-default) .elementor-drop-cap{margin-top:8px}.elementor-widget-text-editor:not(.elementor-drop-cap-view-default) .elementor-drop-cap-letter{width:1em;height:1em}.elementor-widget-text-editor .elementor-drop-cap{float:left;text-align:center;line-height:1;font-size:50px}.elementor-widget-text-editor .elementor-drop-cap-letter{display:inline-block}<\/style>\t\t\t\t<p>Hirek \u00fajdons\u00e1gok \u00e9s inform\u00e1ci\u00f3k a telekom \u00e9s IT vil\u00e1g\u00e1b\u00f3l.<\/p>\t\t\t\t\t\t<\/div>\n\t\t\t\t<\/div>\n\t\t\t\t<div class=\"elementor-element elementor-element-5a3c54d premium-blog-align-left elementor-widget elementor-widget-premium-addon-blog\" data-id=\"5a3c54d\" data-element_type=\"widget\" data-settings=\"{&quot;premium_blog_grid&quot;:&quot;yes&quot;,&quot;premium_blog_layout&quot;:&quot;even&quot;,&quot;premium_blog_columns_number&quot;:&quot;50%&quot;,&quot;premium_blog_columns_number_tablet&quot;:&quot;50%&quot;,&quot;premium_blog_columns_number_mobile&quot;:&quot;100%&quot;}\" data-widget_type=\"premium-addon-blog.default\">\n\t\t\t\t<div class=\"elementor-widget-container\">\n\t\t\t\n\t\t\t\t<div class=\"premium-blog-wrap  premium-blog-even\" data-page=\"1322\">\n\t\t\t\t\t<div class=\"premium-blog-post-outer-container\" data-total=\"2\">\n\t\t\t<div class=\"premium-blog-post-container premium-blog-skin-classic\">\n\t\t\t\t\t\t\t\t\t<div class=\"premium-blog-thumb-effect-wrapper\">\n\t\t\t\t\t\t<div class=\"premium-blog-thumbnail-container premium-blog-zoomin-effect\">\n\t\t\t\t\t\t\t<img fetchpriority=\"high\" decoding=\"async\" width=\"1068\" height=\"601\" src=\"https:\/\/www.xadv.eu\/wp-content\/uploads\/2024\/07\/AI-RIS-HASP-6G-TECH-24jul.jpg\" class=\"attachment-full size-full wp-image-3067\" alt=\"\" srcset=\"https:\/\/www.xadv.eu\/wp-content\/uploads\/2024\/07\/AI-RIS-HASP-6G-TECH-24jul.jpg 1068w, https:\/\/www.xadv.eu\/wp-content\/uploads\/2024\/07\/AI-RIS-HASP-6G-TECH-24jul-300x169.jpg 300w, https:\/\/www.xadv.eu\/wp-content\/uploads\/2024\/07\/AI-RIS-HASP-6G-TECH-24jul-1024x576.jpg 1024w, https:\/\/www.xadv.eu\/wp-content\/uploads\/2024\/07\/AI-RIS-HASP-6G-TECH-24jul-768x432.jpg 768w, https:\/\/www.xadv.eu\/wp-content\/uploads\/2024\/07\/AI-RIS-HASP-6G-TECH-24jul-18x10.jpg 18w\" sizes=\"(max-width: 1068px) 100vw, 1068px\" \/>\t\t\t\t\t\t<\/div>\n\t\t\t\t\t\t\t\t\t\t\t\t\t<div class=\"premium-blog-thumbnail-overlay\">\n\t\t\t\t\t\t\t\t<a class=\"elementor-icon\" href=\"https:\/\/www.xadv.eu\/hu\/2024\/07\/10\/ai-ris-haps-6g-ar-vr-ot-jovobeli-technologia-a-vilag-megvaltoztatasahoz\/\" target=\"_blank\" aria-hidden=\"true\"><span>AI, RIS, HAPS, 6G, AR\/VR \u2013 \u00f6t j\u00f6v\u0151beli technol\u00f3gia a vil\u00e1g megv\u00e1ltoztat\u00e1s\u00e1hoz<\/span><\/a>\n\t\t\t\t\t\t\t<\/div>\n\n\t\t\t\t\t\t\t\t\t\t\t\t\t\t\t\t\t\t<\/div>\n\t\t\t\t\t\t\t\t\t\t\t\t<div class=\"premium-blog-content-wrapper\">\n\n\t\t\t\t\t<div class=\"premium-blog-inner-container\">\n\n\t\t\t\t\t\t\t\t\t\t\t\t\t\t<h2 class=\"premium-blog-entry-title\">\n\t\t\t<a href=\"https:\/\/www.xadv.eu\/hu\/2024\/07\/10\/ai-ris-haps-6g-ar-vr-ot-jovobeli-technologia-a-vilag-megvaltoztatasahoz\/\" target=\"_blank\">\n\t\t\t\tAI, RIS, HAPS, 6G, AR\/VR \u2013 \u00f6t j\u00f6v\u0151beli technol\u00f3gia a vil\u00e1g megv\u00e1ltoztat\u00e1s\u00e1hoz\t\t\t<\/a>\n\t\t<\/h2>\n\t\t\t\t<div class=\"premium-blog-entry-meta\">\n\t\t\t\n\t\t\t\t\t\t\t<span class=\"premium-blog-meta-separator\">\u2022<\/span>\n\t\t\t\t<div class=\"premium-blog-post-time premium-blog-meta-data\">\n\t\t\t\t\t<i class=\"fa fa-calendar-alt\" aria-hidden=\"true\"><\/i>\n\t\t\t\t\t<span>j\u00falius 10, 2024<\/span>\n\t\t\t\t<\/div>\n\t\t\t\n\t\t\t\n\t\t\t\t\t<\/div>\n\t\t\n\t\t\t\t\t<\/div>\n\n\t\t\t\t\t\t\t<div class=\"premium-blog-content-inner-wrapper\">\n\t\t<p class=\"premium-blog-post-content\">A Vil\u00e1ggazdas\u00e1gi F\u00f3rum felsorolt \u200b\u200b10 felt\u00f6rekv\u0151 technol\u00f3gi\u00e1t, amelyek \u201ea legnagyobb potenci\u00e1llal rendelkeznek, hogy a k\u00f6vetkez\u0151 h\u00e1rom-\u00f6t \u00e9vben pozit\u00edv hat\u00e1st fejtsenek ki a \u2026<\/p>\t\t<\/div>\n\t\t\t\t\t\t\t\n\t\t\t\t<\/div>\n\t\t\t<\/div>\n\t\t<\/div>\n\n\t\t\t\t<div class=\"premium-blog-post-outer-container\" data-total=\"2\">\n\t\t\t<div class=\"premium-blog-post-container premium-blog-skin-classic\">\n\t\t\t\t\t\t\t\t\t<div class=\"premium-blog-thumb-effect-wrapper\">\n\t\t\t\t\t\t<div class=\"premium-blog-thumbnail-container premium-blog-zoomin-effect\">\n\t\t\t\t\t\t\t<img decoding=\"async\" width=\"816\" height=\"583\" src=\"https:\/\/www.xadv.eu\/wp-content\/uploads\/2024\/07\/Telekom-RTL-MPN-24jul.jpg\" class=\"attachment-full size-full wp-image-3064\" alt=\"\" srcset=\"https:\/\/www.xadv.eu\/wp-content\/uploads\/2024\/07\/Telekom-RTL-MPN-24jul.jpg 816w, https:\/\/www.xadv.eu\/wp-content\/uploads\/2024\/07\/Telekom-RTL-MPN-24jul-300x214.jpg 300w, https:\/\/www.xadv.eu\/wp-content\/uploads\/2024\/07\/Telekom-RTL-MPN-24jul-768x549.jpg 768w, https:\/\/www.xadv.eu\/wp-content\/uploads\/2024\/07\/Telekom-RTL-MPN-24jul-18x12.jpg 18w\" sizes=\"(max-width: 816px) 100vw, 816px\" \/>\t\t\t\t\t\t<\/div>\n\t\t\t\t\t\t\t\t\t\t\t\t\t<div class=\"premium-blog-thumbnail-overlay\">\n\t\t\t\t\t\t\t\t<a class=\"elementor-icon\" href=\"https:\/\/www.xadv.eu\/hu\/2024\/07\/10\/a-telekom-privat-5g-campus-halozatot-telepitett-az-rtl-deutschland-szamara\/\" target=\"_blank\" aria-hidden=\"true\"><span>A Telekom priv\u00e1t 5G campus h\u00e1l\u00f3zatot telep\u00edtett az RTL Deutschland sz\u00e1m\u00e1ra<\/span><\/a>\n\t\t\t\t\t\t\t<\/div>\n\n\t\t\t\t\t\t\t\t\t\t\t\t\t\t\t\t\t\t<\/div>\n\t\t\t\t\t\t\t\t\t\t\t\t<div class=\"premium-blog-content-wrapper\">\n\n\t\t\t\t\t<div class=\"premium-blog-inner-container\">\n\n\t\t\t\t\t\t\t\t\t\t\t\t\t\t<h2 class=\"premium-blog-entry-title\">\n\t\t\t<a href=\"https:\/\/www.xadv.eu\/hu\/2024\/07\/10\/a-telekom-privat-5g-campus-halozatot-telepitett-az-rtl-deutschland-szamara\/\" target=\"_blank\">\n\t\t\t\tA Telekom priv\u00e1t 5G campus h\u00e1l\u00f3zatot telep\u00edtett az RTL Deutschland sz\u00e1m\u00e1ra\t\t\t<\/a>\n\t\t<\/h2>\n\t\t\t\t<div class=\"premium-blog-entry-meta\">\n\t\t\t\n\t\t\t\t\t\t\t<span class=\"premium-blog-meta-separator\">\u2022<\/span>\n\t\t\t\t<div class=\"premium-blog-post-time premium-blog-meta-data\">\n\t\t\t\t\t<i class=\"fa fa-calendar-alt\" aria-hidden=\"true\"><\/i>\n\t\t\t\t\t<span>j\u00falius 10, 2024<\/span>\n\t\t\t\t<\/div>\n\t\t\t\n\t\t\t\n\t\t\t\t\t<\/div>\n\t\t\n\t\t\t\t\t<\/div>\n\n\t\t\t\t\t\t\t<div class=\"premium-blog-content-inner-wrapper\">\n\t\t<p class=\"premium-blog-post-content\">Maxim\u00e1lis 5G Teljes\u00edtm\u00e9ny a 2024-es Eur\u00f3pa-bajnoks\u00e1gra Az idei labdar\u00fag\u00f3-Eur\u00f3pa-bajnoks\u00e1got k\u00f6r\u00fcl\u00f6lel\u0151 k\u00f6zvet\u00edt\u00e9sek is profit\u00e1lnak majd a gy\u00e1rt\u00e1s helysz\u00edn\u00e9n tal\u00e1lhat\u00f3 kampuszh\u00e1l\u00f3zat el\u0151nyeib\u0151l. Az innov\u00e1ci\u00f3s \u2026<\/p>\t\t<\/div>\n\t\t\t\t\t\t\t\n\t\t\t\t<\/div>\n\t\t\t<\/div>\n\t\t<\/div>\n\n\t\t\t\t<div class=\"premium-blog-post-outer-container\" data-total=\"2\">\n\t\t\t<div class=\"premium-blog-post-container premium-blog-skin-classic\">\n\t\t\t\t\t\t\t\t\t<div class=\"premium-blog-thumb-effect-wrapper\">\n\t\t\t\t\t\t<div class=\"premium-blog-thumbnail-container premium-blog-zoomin-effect\">\n\t\t\t\t\t\t\t<img decoding=\"async\" width=\"1386\" height=\"780\" src=\"https:\/\/www.xadv.eu\/wp-content\/uploads\/2024\/07\/Ericsson-Energy-Orchestration-24jul.jpg\" class=\"attachment-full size-full wp-image-3061\" alt=\"\" srcset=\"https:\/\/www.xadv.eu\/wp-content\/uploads\/2024\/07\/Ericsson-Energy-Orchestration-24jul.jpg 1386w, https:\/\/www.xadv.eu\/wp-content\/uploads\/2024\/07\/Ericsson-Energy-Orchestration-24jul-300x169.jpg 300w, https:\/\/www.xadv.eu\/wp-content\/uploads\/2024\/07\/Ericsson-Energy-Orchestration-24jul-1024x576.jpg 1024w, https:\/\/www.xadv.eu\/wp-content\/uploads\/2024\/07\/Ericsson-Energy-Orchestration-24jul-768x432.jpg 768w, https:\/\/www.xadv.eu\/wp-content\/uploads\/2024\/07\/Ericsson-Energy-Orchestration-24jul-18x10.jpg 18w\" sizes=\"(max-width: 1386px) 100vw, 1386px\" \/>\t\t\t\t\t\t<\/div>\n\t\t\t\t\t\t\t\t\t\t\t\t\t<div class=\"premium-blog-thumbnail-overlay\">\n\t\t\t\t\t\t\t\t<a class=\"elementor-icon\" href=\"https:\/\/www.xadv.eu\/hu\/2024\/07\/10\/ericsson-uj-megoldasa-a-radio-halozati-energia-intelligens-felhasznalasara\/\" target=\"_blank\" aria-hidden=\"true\"><span>Ericsson \u00faj megold\u00e1sa a r\u00e1di\u00f3 h\u00e1l\u00f3zati energia intelligens felhaszn\u00e1l\u00e1s\u00e1ra<\/span><\/a>\n\t\t\t\t\t\t\t<\/div>\n\n\t\t\t\t\t\t\t\t\t\t\t\t\t\t\t\t\t\t<\/div>\n\t\t\t\t\t\t\t\t\t\t\t\t<div class=\"premium-blog-content-wrapper\">\n\n\t\t\t\t\t<div class=\"premium-blog-inner-container\">\n\n\t\t\t\t\t\t\t\t\t\t\t\t\t\t<h2 class=\"premium-blog-entry-title\">\n\t\t\t<a href=\"https:\/\/www.xadv.eu\/hu\/2024\/07\/10\/ericsson-uj-megoldasa-a-radio-halozati-energia-intelligens-felhasznalasara\/\" target=\"_blank\">\n\t\t\t\tEricsson \u00faj megold\u00e1sa a r\u00e1di\u00f3 h\u00e1l\u00f3zati energia intelligens felhaszn\u00e1l\u00e1s\u00e1ra\t\t\t<\/a>\n\t\t<\/h2>\n\t\t\t\t<div class=\"premium-blog-entry-meta\">\n\t\t\t\n\t\t\t\t\t\t\t<span class=\"premium-blog-meta-separator\">\u2022<\/span>\n\t\t\t\t<div class=\"premium-blog-post-time premium-blog-meta-data\">\n\t\t\t\t\t<i class=\"fa fa-calendar-alt\" aria-hidden=\"true\"><\/i>\n\t\t\t\t\t<span>j\u00falius 10, 2024<\/span>\n\t\t\t\t<\/div>\n\t\t\t\n\t\t\t\n\t\t\t\t\t<\/div>\n\t\t\n\t\t\t\t\t<\/div>\n\n\t\t\t\t\t\t\t<div class=\"premium-blog-content-inner-wrapper\">\n\t\t<p class=\"premium-blog-post-content\">Az Ericsson Site Energy Orchestration A Site Energy Orchestration a g\u00e9pi tanul\u00e1s (M\/L) \u00e9s az AI RAN alkalmaz\u00e1sok (rApps) kombin\u00e1ci\u00f3ja, amely interf\u00e9szk\u00e9nt \u2026<\/p>\t\t<\/div>\n\t\t\t\t\t\t\t\n\t\t\t\t<\/div>\n\t\t\t<\/div>\n\t\t<\/div>\n\n\t\t\t\t<div class=\"premium-blog-post-outer-container\" data-total=\"2\">\n\t\t\t<div class=\"premium-blog-post-container premium-blog-skin-classic\">\n\t\t\t\t\t\t\t\t\t<div class=\"premium-blog-thumb-effect-wrapper\">\n\t\t\t\t\t\t<div class=\"premium-blog-thumbnail-container premium-blog-zoomin-effect\">\n\t\t\t\t\t\t\t<img loading=\"lazy\" decoding=\"async\" width=\"1280\" height=\"731\" src=\"https:\/\/www.xadv.eu\/wp-content\/uploads\/2024\/07\/optus-trial-Ericsson-5G-A-24jul.jpg\" class=\"attachment-full size-full wp-image-3058\" alt=\"\" srcset=\"https:\/\/www.xadv.eu\/wp-content\/uploads\/2024\/07\/optus-trial-Ericsson-5G-A-24jul.jpg 1280w, https:\/\/www.xadv.eu\/wp-content\/uploads\/2024\/07\/optus-trial-Ericsson-5G-A-24jul-300x171.jpg 300w, https:\/\/www.xadv.eu\/wp-content\/uploads\/2024\/07\/optus-trial-Ericsson-5G-A-24jul-1024x585.jpg 1024w, https:\/\/www.xadv.eu\/wp-content\/uploads\/2024\/07\/optus-trial-Ericsson-5G-A-24jul-768x439.jpg 768w, https:\/\/www.xadv.eu\/wp-content\/uploads\/2024\/07\/optus-trial-Ericsson-5G-A-24jul-18x10.jpg 18w\" sizes=\"(max-width: 1280px) 100vw, 1280px\" \/>\t\t\t\t\t\t<\/div>\n\t\t\t\t\t\t\t\t\t\t\t\t\t<div class=\"premium-blog-thumbnail-overlay\">\n\t\t\t\t\t\t\t\t<a class=\"elementor-icon\" href=\"https:\/\/www.xadv.eu\/hu\/2024\/07\/10\/az-optus-ausztral-tavkozlesi-szolgaltato-az-ericsson-5g-a-interferencia-erzekelo-funkciojat-teszteli-a-halozataban\/\" target=\"_blank\" aria-hidden=\"true\"><span>Az Optus ausztr\u00e1l t\u00e1vk\u00f6zl\u00e9si szolg\u00e1ltat\u00f3 az Ericsson 5G-A interferencia \u00e9rz\u00e9kel\u0151 funkci\u00f3j\u00e1t teszteli a h\u00e1l\u00f3zat\u00e1ban<\/span><\/a>\n\t\t\t\t\t\t\t<\/div>\n\n\t\t\t\t\t\t\t\t\t\t\t\t\t\t\t\t\t\t<\/div>\n\t\t\t\t\t\t\t\t\t\t\t\t<div class=\"premium-blog-content-wrapper\">\n\n\t\t\t\t\t<div class=\"premium-blog-inner-container\">\n\n\t\t\t\t\t\t\t\t\t\t\t\t\t\t<h2 class=\"premium-blog-entry-title\">\n\t\t\t<a href=\"https:\/\/www.xadv.eu\/hu\/2024\/07\/10\/az-optus-ausztral-tavkozlesi-szolgaltato-az-ericsson-5g-a-interferencia-erzekelo-funkciojat-teszteli-a-halozataban\/\" target=\"_blank\">\n\t\t\t\tAz Optus ausztr\u00e1l t\u00e1vk\u00f6zl\u00e9si szolg\u00e1ltat\u00f3 az Ericsson 5G-A interferencia \u00e9rz\u00e9kel\u0151 funkci\u00f3j\u00e1t teszteli a h\u00e1l\u00f3zat\u00e1ban\t\t\t<\/a>\n\t\t<\/h2>\n\t\t\t\t<div class=\"premium-blog-entry-meta\">\n\t\t\t\n\t\t\t\t\t\t\t<span class=\"premium-blog-meta-separator\">\u2022<\/span>\n\t\t\t\t<div class=\"premium-blog-post-time premium-blog-meta-data\">\n\t\t\t\t\t<i class=\"fa fa-calendar-alt\" aria-hidden=\"true\"><\/i>\n\t\t\t\t\t<span>j\u00falius 10, 2024<\/span>\n\t\t\t\t<\/div>\n\t\t\t\n\t\t\t\n\t\t\t\t\t<\/div>\n\t\t\n\t\t\t\t\t<\/div>\n\n\t\t\t\t\t\t\t<div class=\"premium-blog-content-inner-wrapper\">\n\t\t<p class=\"premium-blog-post-content\">Az Optus ausztr\u00e1l t\u00e1vk\u00f6zl\u00e9si szolg\u00e1ltat\u00f3 \u00e1tlagosan 22%-kal nagyobb user throughput-ot \u00e9rt el az Ericsson 5G-Advanced \u201einterference-sensing\u201d technol\u00f3gi\u00e1j\u00e1val egy pilot teszt sor\u00e1n. K\u00f6z\u00f6s \u2026<\/p>\t\t<\/div>\n\t\t\t\t\t\t\t\n\t\t\t\t<\/div>\n\t\t\t<\/div>\n\t\t<\/div>\n\n\t\t\t\t<\/div>\n\n\t\t\t\t<\/div>\n\t\t\t\t<\/div>\n\t\t\t\t\t<\/div>\n\t\t<\/div>\n\t\t\t\t<div class=\"elementor-column elementor-col-33 elementor-top-column elementor-element elementor-element-d989ace\" data-id=\"d989ace\" data-element_type=\"column\">\n\t\t\t<div class=\"elementor-widget-wrap elementor-element-populated\">\n\t\t\t\t\t\t<div class=\"elementor-element elementor-element-8937921 elementor-widget__width-initial elementor-widget elementor-widget-sidebar\" data-id=\"8937921\" data-element_type=\"widget\" data-widget_type=\"sidebar.default\">\n\t\t\t\t<div class=\"elementor-widget-container\">\n\t\t\t<aside id=\"search-1\" class=\"widget widget_search\"><form role=\"search\" method=\"get\" class=\"search-form\" action=\"https:\/\/www.xadv.eu\/hu\/\" data-trp-original-action=\"https:\/\/www.xadv.eu\/hu\/\">\n\t<label>\n\t\t<span class=\"screen-reader-text\">Search for:<\/span>\n\t\t<input type=\"search\" class=\"search-field\"  placeholder=\"Search &hellip;\" value=\"\" name=\"s\" tabindex=\"-1\">\n\t\t\t<\/label>\n\t\t\t<input type=\"submit\" class=\"search-submit\" value=\"Search\">\n\t<input type=\"hidden\" name=\"trp-form-language\" value=\"hu\"\/><\/form>\n<\/aside><aside id=\"block-3\" class=\"widget widget_block\">\n<div class=\"wp-block-group has-ast-global-color-1-color has-text-color is-layout-constrained wp-container-core-group-is-layout-9bd5295f wp-block-group-is-layout-constrained\" style=\"padding-top:var(--wp--preset--spacing--40);padding-right:var(--wp--preset--spacing--40);padding-bottom:var(--wp--preset--spacing--40);padding-left:var(--wp--preset--spacing--40)\"><div class=\"wp-block-group__inner-container\">\n<h2 class=\"wp-block-heading has-text-color has-medium-font-size\" style=\"color:#2b5d98;margin-top:0\">Legut\u00f3bbi Blogok<\/h2>\n\n\n<ul style=\"color:#b61818;\" class=\"wp-block-latest-posts__list wp-block-latest-posts has-text-color has-small-font-size\"><li><a class=\"wp-block-latest-posts__post-title\" href=\"https:\/\/www.xadv.eu\/hu\/2024\/07\/10\/ai-ris-haps-6g-ar-vr-ot-jovobeli-technologia-a-vilag-megvaltoztatasahoz\/\">AI, RIS, HAPS, 6G, AR\/VR \u2013 \u00f6t j\u00f6v\u0151beli technol\u00f3gia a vil\u00e1g megv\u00e1ltoztat\u00e1s\u00e1hoz<\/a><\/li>\n<li><a class=\"wp-block-latest-posts__post-title\" href=\"https:\/\/www.xadv.eu\/hu\/2024\/07\/10\/a-telekom-privat-5g-campus-halozatot-telepitett-az-rtl-deutschland-szamara\/\">A Telekom priv\u00e1t 5G campus h\u00e1l\u00f3zatot telep\u00edtett az RTL Deutschland sz\u00e1m\u00e1ra<\/a><\/li>\n<li><a class=\"wp-block-latest-posts__post-title\" href=\"https:\/\/www.xadv.eu\/hu\/2024\/07\/10\/ericsson-uj-megoldasa-a-radio-halozati-energia-intelligens-felhasznalasara\/\">Ericsson \u00faj megold\u00e1sa a r\u00e1di\u00f3 h\u00e1l\u00f3zati energia intelligens felhaszn\u00e1l\u00e1s\u00e1ra<\/a><\/li>\n<li><a class=\"wp-block-latest-posts__post-title\" href=\"https:\/\/www.xadv.eu\/hu\/2024\/07\/10\/az-optus-ausztral-tavkozlesi-szolgaltato-az-ericsson-5g-a-interferencia-erzekelo-funkciojat-teszteli-a-halozataban\/\">Az Optus ausztr\u00e1l t\u00e1vk\u00f6zl\u00e9si szolg\u00e1ltat\u00f3 az Ericsson 5G-A interferencia \u00e9rz\u00e9kel\u0151 funkci\u00f3j\u00e1t teszteli a h\u00e1l\u00f3zat\u00e1ban<\/a><\/li>\n<li><a class=\"wp-block-latest-posts__post-title\" href=\"https:\/\/www.xadv.eu\/hu\/2024\/07\/10\/a-laborbol-a-gyarakba-a-deutsche-telekom-5g-mmwave-ot-kinal-nemetorszagi-ipari-ugyfelek-szamara\/\">A laborb\u00f3l a gy\u00e1rakba: A Deutsche Telekom 5G mmWave-ot k\u00edn\u00e1l n\u00e9metorsz\u00e1gi ipari \u00fcgyfelek sz\u00e1m\u00e1ra<\/a><\/li>\n<\/ul><\/div><\/div>\n<\/aside><aside id=\"block-6\" class=\"widget widget_block\">\n<div class=\"wp-block-group is-layout-flow wp-container-core-group-is-layout-38be50c3 wp-block-group-is-layout-flow\" style=\"padding-top:var(--wp--preset--spacing--40);padding-right:var(--wp--preset--spacing--40);padding-bottom:var(--wp--preset--spacing--40);padding-left:var(--wp--preset--spacing--40)\"><div class=\"wp-block-group__inner-container\">\n<h2 class=\"wp-block-heading has-text-color has-medium-font-size\" style=\"color:#2b5d98\">Kateg\u00f3ri\u00e1k<\/h2>\n\n\n<ul class=\"wp-block-categories-list wp-block-categories has-small-font-size\">\t<li class=\"cat-item cat-item-21\"><a href=\"https:\/\/www.xadv.eu\/hu\/category\/blog\/5g\/\">5G<\/a>\n<\/li>\n\t<li class=\"cat-item cat-item-91\"><a href=\"https:\/\/www.xadv.eu\/hu\/category\/blog\/ai-in-telecom\/\">AI in Telecom<\/a>\n<\/li>\n\t<li class=\"cat-item cat-item-22\"><a href=\"https:\/\/www.xadv.eu\/hu\/category\/blog\/cloud-ran\/\">Cloud RAN<\/a>\n<\/li>\n\t<li class=\"cat-item cat-item-90\"><a href=\"https:\/\/www.xadv.eu\/hu\/category\/blog\/edge-computing\/\">Edge Computing<\/a>\n<\/li>\n\t<li class=\"cat-item cat-item-47\"><a href=\"https:\/\/www.xadv.eu\/hu\/category\/hirek\/\">Hirek<\/a>\n<\/li>\n\t<li class=\"cat-item cat-item-84\"><a href=\"https:\/\/www.xadv.eu\/hu\/category\/blog\/mobile-private-network\/\">Mobile Private Network<\/a>\n<\/li>\n\t<li class=\"cat-item cat-item-23\"><a href=\"https:\/\/www.xadv.eu\/hu\/category\/blog\/network-slicing\/\">Network Slicing<\/a>\n<\/li>\n\t<li class=\"cat-item cat-item-87\"><a href=\"https:\/\/www.xadv.eu\/hu\/category\/blog\/neutral-hosting\/\">Neutral Hosting<\/a>\n<\/li>\n\t<li class=\"cat-item cat-item-49\"><a href=\"https:\/\/www.xadv.eu\/hu\/category\/news\/\">Hirek<\/a>\n<\/li>\n\t<li class=\"cat-item cat-item-20\"><a href=\"https:\/\/www.xadv.eu\/hu\/category\/blog\/open-ran\/\">Open-RAN<\/a>\n<\/li>\n\t<li class=\"cat-item cat-item-88\"><a href=\"https:\/\/www.xadv.eu\/hu\/category\/blog\/small-cell\/\">Small Cell<\/a>\n<\/li>\n\t<li class=\"cat-item cat-item-92\"><a href=\"https:\/\/www.xadv.eu\/hu\/category\/blog\/tco-strategies\/\">TCO Strategies<\/a>\n<\/li>\n\t<li class=\"cat-item cat-item-1\"><a href=\"https:\/\/www.xadv.eu\/hu\/category\/blog\/uncategorized\/\">Uncategorized<\/a>\n<\/li>\n<\/ul><\/div><\/div>\n<\/aside>\t\t<\/div>\n\t\t\t\t<\/div>\n\t\t\t\t\t<\/div>\n\t\t<\/div>\n\t\t\t\t\t<\/div>\n\t\t<\/section>\n\t\t\t\t<\/div>","protected":false},"excerpt":{"rendered":"<p>News News and information from the world of Telecom and\u00a0 IT. Nokia and AT&#038;T Made a Successful Trial of Open RAN Compliant RAN Intelligent Controller Nokia and AT&#038;T Made a Successful Trial of Open RAN Compliant RAN Intelligent Controller \u2022 July 19, 2023 Nokia and AT&amp;T today announced the successful trial of innovative near real-time &hellip;<\/p>\n<p class=\"read-more\"> <a class=\"\" href=\"https:\/\/www.xadv.eu\/hu\/2024\/07\/10\/az-optus-ausztral-tavkozlesi-szolgaltato-az-ericsson-5g-a-interferencia-erzekelo-funkciojat-teszteli-a-halozataban\/\"> <span class=\"screen-reader-text\">Az Optus ausztr\u00e1l t\u00e1vk\u00f6zl\u00e9si szolg\u00e1ltat\u00f3 az Ericsson 5G-A interferencia \u00e9rz\u00e9kel\u0151 funkci\u00f3j\u00e1t teszteli a h\u00e1l\u00f3zat\u00e1ban<\/span> Read More &raquo;<\/a><\/p>","protected":false},"author":1,"featured_media":0,"parent":0,"menu_order":0,"comment_status":"closed","ping_status":"closed","template":"","meta":{"site-sidebar-layout":"no-sidebar","site-content-layout":"page-builder","ast-global-header-display":"","ast-banner-title-visibility":"","ast-main-header-display":"","ast-hfb-above-header-display":"","ast-hfb-below-header-display":"","ast-hfb-mobile-header-display":"","site-post-title":"disabled","ast-breadcrumbs-content":"","ast-featured-img":"disabled","footer-sml-layout":"","theme-transparent-header-meta":"default","adv-header-id-meta":"","stick-header-meta":"","header-above-stick-meta":"","header-main-stick-meta":"","header-below-stick-meta":"","footnotes":""},"class_list":["post-1322","page","type-page","status-publish","hentry"],"_links":{"self":[{"href":"https:\/\/www.xadv.eu\/hu\/wp-json\/wp\/v2\/pages\/1322","targetHints":{"allow":["GET"]}}],"collection":[{"href":"https:\/\/www.xadv.eu\/hu\/wp-json\/wp\/v2\/pages"}],"about":[{"href":"https:\/\/www.xadv.eu\/hu\/wp-json\/wp\/v2\/types\/page"}],"author":[{"embeddable":true,"href":"https:\/\/www.xadv.eu\/hu\/wp-json\/wp\/v2\/users\/1"}],"replies":[{"embeddable":true,"href":"https:\/\/www.xadv.eu\/hu\/wp-json\/wp\/v2\/comments?post=1322"}],"version-history":[{"count":11,"href":"https:\/\/www.xadv.eu\/hu\/wp-json\/wp\/v2\/pages\/1322\/revisions"}],"predecessor-version":[{"id":1736,"href":"https:\/\/www.xadv.eu\/hu\/wp-json\/wp\/v2\/pages\/1322\/revisions\/1736"}],"wp:attachment":[{"href":"https:\/\/www.xadv.eu\/hu\/wp-json\/wp\/v2\/media?parent=1322"}],"curies":[{"name":"wp","href":"https:\/\/api.w.org\/{rel}","templated":true}]}}