{"id":1330,"date":"2023-07-19T16:15:10","date_gmt":"2023-07-19T16:15:10","guid":{"rendered":"https:\/\/www.xadv.eu\/?page_id=1330"},"modified":"2024-05-13T08:13:53","modified_gmt":"2024-05-13T08:13:53","slug":"open-ran-en","status":"publish","type":"page","link":"https:\/\/www.xadv.eu\/hu\/blog\/open-ran-en\/","title":{"rendered":"Open-RAN"},"content":{"rendered":"<div data-elementor-type=\"wp-page\" data-elementor-id=\"1330\" class=\"elementor elementor-1330\">\n\t\t\t\t\t\t<section class=\"elementor-section elementor-top-section elementor-element elementor-element-635c26e elementor-section-boxed elementor-section-height-default elementor-section-height-default\" data-id=\"635c26e\" data-element_type=\"section\">\n\t\t\t\t\t\t<div class=\"elementor-container elementor-column-gap-default\">\n\t\t\t\t\t<div class=\"elementor-column elementor-col-50 elementor-top-column elementor-element elementor-element-f09f91c\" data-id=\"f09f91c\" data-element_type=\"column\" data-settings=\"{&quot;background_background&quot;:&quot;classic&quot;}\">\n\t\t\t<div class=\"elementor-widget-wrap elementor-element-populated\">\n\t\t\t\t\t\t<div class=\"elementor-element elementor-element-2427b4b elementor-widget elementor-widget-heading\" data-id=\"2427b4b\" data-element_type=\"widget\" data-widget_type=\"heading.default\">\n\t\t\t\t<div class=\"elementor-widget-container\">\n\t\t\t<style>\/*! elementor - v3.20.0 - 26-03-2024 *\/\n.elementor-heading-title{padding:0;margin:0;line-height:1}.elementor-widget-heading .elementor-heading-title[class*=elementor-size-]>a{color:inherit;font-size:inherit;line-height:inherit}.elementor-widget-heading .elementor-heading-title.elementor-size-small{font-size:15px}.elementor-widget-heading .elementor-heading-title.elementor-size-medium{font-size:19px}.elementor-widget-heading .elementor-heading-title.elementor-size-large{font-size:29px}.elementor-widget-heading .elementor-heading-title.elementor-size-xl{font-size:39px}.elementor-widget-heading .elementor-heading-title.elementor-size-xxl{font-size:59px}<\/style><h2 class=\"elementor-heading-title elementor-size-default\">Open-RAN<\/h2>\t\t<\/div>\n\t\t\t\t<\/div>\n\t\t\t\t<div class=\"elementor-element elementor-element-a24eabc elementor-widget elementor-widget-text-editor\" data-id=\"a24eabc\" data-element_type=\"widget\" data-widget_type=\"text-editor.default\">\n\t\t\t\t<div class=\"elementor-widget-container\">\n\t\t\t<style>\/*! elementor - v3.20.0 - 26-03-2024 *\/\n.elementor-widget-text-editor.elementor-drop-cap-view-stacked .elementor-drop-cap{background-color:#69727d;color:#fff}.elementor-widget-text-editor.elementor-drop-cap-view-framed .elementor-drop-cap{color:#69727d;border:3px solid;background-color:transparent}.elementor-widget-text-editor:not(.elementor-drop-cap-view-default) .elementor-drop-cap{margin-top:8px}.elementor-widget-text-editor:not(.elementor-drop-cap-view-default) .elementor-drop-cap-letter{width:1em;height:1em}.elementor-widget-text-editor .elementor-drop-cap{float:left;text-align:center;line-height:1;font-size:50px}.elementor-widget-text-editor .elementor-drop-cap-letter{display:inline-block}<\/style>\t\t\t\t<p>Inform\u00e1ci\u00f3k az Open-RAN technol\u00f3gi\u00e1r\u00f3l \u00e9s alkalmaz\u00e1sair\u00f3l.<\/p>\t\t\t\t\t\t<\/div>\n\t\t\t\t<\/div>\n\t\t\t\t<div class=\"elementor-element elementor-element-692a0ea premium-blog-align-left elementor-widget elementor-widget-premium-addon-blog\" data-id=\"692a0ea\" data-element_type=\"widget\" data-settings=\"{&quot;premium_blog_grid&quot;:&quot;yes&quot;,&quot;premium_blog_layout&quot;:&quot;even&quot;,&quot;premium_blog_columns_number&quot;:&quot;50%&quot;,&quot;premium_blog_columns_number_tablet&quot;:&quot;50%&quot;,&quot;premium_blog_columns_number_mobile&quot;:&quot;100%&quot;,&quot;scroll_to_offset&quot;:&quot;yes&quot;}\" data-widget_type=\"premium-addon-blog.default\">\n\t\t\t\t<div class=\"elementor-widget-container\">\n\t\t\t\n\t\t\t\t<div class=\"premium-blog-wrap  premium-blog-even\" data-page=\"1330\" data-pagination=\"true\">\n\t\t\t\t\t<div class=\"premium-blog-post-outer-container\" data-total=\"7\">\n\t\t\t<div class=\"premium-blog-post-container premium-blog-skin-classic\">\n\t\t\t\t\t\t\t\t\t<div class=\"premium-blog-thumb-effect-wrapper\">\n\t\t\t\t\t\t<div class=\"premium-blog-thumbnail-container premium-blog-zoomin-effect\">\n\t\t\t\t\t\t\t<img fetchpriority=\"high\" decoding=\"async\" width=\"1000\" height=\"563\" src=\"https:\/\/www.xadv.eu\/wp-content\/uploads\/2023\/07\/cloud-upload-icon-line-connection-circuit-board.jpg\" class=\"attachment-full size-full wp-image-751\" alt=\"\" srcset=\"https:\/\/www.xadv.eu\/wp-content\/uploads\/2023\/07\/cloud-upload-icon-line-connection-circuit-board.jpg 1000w, https:\/\/www.xadv.eu\/wp-content\/uploads\/2023\/07\/cloud-upload-icon-line-connection-circuit-board-300x169.jpg 300w, https:\/\/www.xadv.eu\/wp-content\/uploads\/2023\/07\/cloud-upload-icon-line-connection-circuit-board-768x432.jpg 768w\" sizes=\"(max-width: 1000px) 100vw, 1000px\" \/>\t\t\t\t\t\t<\/div>\n\t\t\t\t\t\t\t\t\t\t\t\t\t<div class=\"premium-blog-thumbnail-overlay\">\n\t\t\t\t\t\t\t\t<a class=\"elementor-icon\" href=\"https:\/\/www.xadv.eu\/hu\/2024\/04\/22\/netural-hosting-architekturak\/\" target=\"_blank\" aria-hidden=\"true\"><span>Netural Hosting Architekt\u00far\u00e1k<\/span><\/a>\n\t\t\t\t\t\t\t<\/div>\n\n\t\t\t\t\t\t\t\t\t\t\t\t\t\t\t\t\t\t<\/div>\n\t\t\t\t\t\t\t\t\t\t\t\t<div class=\"premium-blog-content-wrapper\">\n\n\t\t\t\t\t<div class=\"premium-blog-inner-container\">\n\n\t\t\t\t\t\t\t\t\t\t\t\t\t\t<h2 class=\"premium-blog-entry-title\">\n\t\t\t<a href=\"https:\/\/www.xadv.eu\/hu\/2024\/04\/22\/netural-hosting-architekturak\/\" target=\"_blank\">\n\t\t\t\tNetural Hosting Architekt\u00far\u00e1k\t\t\t<\/a>\n\t\t<\/h2>\n\t\t\t\t<div class=\"premium-blog-entry-meta\">\n\t\t\t\n\t\t\t\t\t\t\t<span class=\"premium-blog-meta-separator\">\u2022<\/span>\n\t\t\t\t<div class=\"premium-blog-post-time premium-blog-meta-data\">\n\t\t\t\t\t<i class=\"fa fa-calendar-alt\" aria-hidden=\"true\"><\/i>\n\t\t\t\t\t<span>\u00e1prilis 22, 2024<\/span>\n\t\t\t\t<\/div>\n\t\t\t\n\t\t\t\n\t\t\t\t\t<\/div>\n\t\t\n\t\t\t\t\t<\/div>\n\n\t\t\t\t\t\t\t<div class=\"premium-blog-content-inner-wrapper\">\n\t\t<p class=\"premium-blog-post-content\">Netural Host A neutral host olyan v\u00e1llalat, amely informatikai infrastrukt\u00far\u00e1t telep\u00edt \u00e9s \u00fczemeltet, ami lehet<\/p><div class=\"premium-blog-excerpt-link-wrap\"><a href=\"https:\/\/www.xadv.eu\/hu\/2024\/04\/22\/netural-hosting-architekturak\/\" target=\"_blank\" class=\"premium-blog-excerpt-link elementor-button\">Read More \u00bb<\/a><\/div>\t\t<\/div>\n\t\t\t\t\t\t\t\n\t\t\t\t<\/div>\n\t\t\t<\/div>\n\t\t<\/div>\n\n\t\t\t\t<div class=\"premium-blog-post-outer-container\" data-total=\"7\">\n\t\t\t<div class=\"premium-blog-post-container premium-blog-skin-classic\">\n\t\t\t\t\t\t\t\t\t<div class=\"premium-blog-thumb-effect-wrapper\">\n\t\t\t\t\t\t<div class=\"premium-blog-thumbnail-container premium-blog-zoomin-effect\">\n\t\t\t\t\t\t\t<img decoding=\"async\" width=\"1861\" height=\"656\" src=\"https:\/\/www.xadv.eu\/wp-content\/uploads\/2024\/04\/cpri-vs-ecpri-protocol-stack-v1.jpg\" class=\"attachment-full size-full wp-image-2722\" alt=\"\" srcset=\"https:\/\/www.xadv.eu\/wp-content\/uploads\/2024\/04\/cpri-vs-ecpri-protocol-stack-v1.jpg 1861w, https:\/\/www.xadv.eu\/wp-content\/uploads\/2024\/04\/cpri-vs-ecpri-protocol-stack-v1-300x106.jpg 300w, https:\/\/www.xadv.eu\/wp-content\/uploads\/2024\/04\/cpri-vs-ecpri-protocol-stack-v1-1024x361.jpg 1024w, https:\/\/www.xadv.eu\/wp-content\/uploads\/2024\/04\/cpri-vs-ecpri-protocol-stack-v1-768x271.jpg 768w, https:\/\/www.xadv.eu\/wp-content\/uploads\/2024\/04\/cpri-vs-ecpri-protocol-stack-v1-1536x541.jpg 1536w, https:\/\/www.xadv.eu\/wp-content\/uploads\/2024\/04\/cpri-vs-ecpri-protocol-stack-v1-18x6.jpg 18w\" sizes=\"(max-width: 1861px) 100vw, 1861px\" \/>\t\t\t\t\t\t<\/div>\n\t\t\t\t\t\t\t\t\t\t\t\t\t<div class=\"premium-blog-thumbnail-overlay\">\n\t\t\t\t\t\t\t\t<a class=\"elementor-icon\" href=\"https:\/\/www.xadv.eu\/hu\/2024\/04\/19\/cpri-es-ecpri\/\" target=\"_blank\" aria-hidden=\"true\"><span>CPRI \u00e9s eCPRI<\/span><\/a>\n\t\t\t\t\t\t\t<\/div>\n\n\t\t\t\t\t\t\t\t\t\t\t\t\t\t\t\t\t\t<\/div>\n\t\t\t\t\t\t\t\t\t\t\t\t<div class=\"premium-blog-content-wrapper\">\n\n\t\t\t\t\t<div class=\"premium-blog-inner-container\">\n\n\t\t\t\t\t\t\t\t\t\t\t\t\t\t<h2 class=\"premium-blog-entry-title\">\n\t\t\t<a href=\"https:\/\/www.xadv.eu\/hu\/2024\/04\/19\/cpri-es-ecpri\/\" target=\"_blank\">\n\t\t\t\tCPRI \u00e9s eCPRI\t\t\t<\/a>\n\t\t<\/h2>\n\t\t\t\t<div class=\"premium-blog-entry-meta\">\n\t\t\t\n\t\t\t\t\t\t\t<span class=\"premium-blog-meta-separator\">\u2022<\/span>\n\t\t\t\t<div class=\"premium-blog-post-time premium-blog-meta-data\">\n\t\t\t\t\t<i class=\"fa fa-calendar-alt\" aria-hidden=\"true\"><\/i>\n\t\t\t\t\t<span>\u00e1prilis 19, 2024<\/span>\n\t\t\t\t<\/div>\n\t\t\t\n\t\t\t\n\t\t\t\t\t<\/div>\n\t\t\n\t\t\t\t\t<\/div>\n\n\t\t\t\t\t\t\t<div class=\"premium-blog-content-inner-wrapper\">\n\t\t<p class=\"premium-blog-post-content\">CPRI A CPRI (Common Public Radio Interface) a vezet\u00e9k n\u00e9lk\u00fcli kommunik\u00e1ci\u00f3s h\u00e1l\u00f3zatok ny\u00edlt specifik\u00e1ci\u00f3ja, amely<\/p><div class=\"premium-blog-excerpt-link-wrap\"><a href=\"https:\/\/www.xadv.eu\/hu\/2024\/04\/19\/cpri-es-ecpri\/\" target=\"_blank\" class=\"premium-blog-excerpt-link elementor-button\">Read More \u00bb<\/a><\/div>\t\t<\/div>\n\t\t\t\t\t\t\t\n\t\t\t\t<\/div>\n\t\t\t<\/div>\n\t\t<\/div>\n\n\t\t\t\t<div class=\"premium-blog-post-outer-container\" data-total=\"7\">\n\t\t\t<div class=\"premium-blog-post-container premium-blog-skin-classic\">\n\t\t\t\t\t\t\t\t\t<div class=\"premium-blog-thumb-effect-wrapper\">\n\t\t\t\t\t\t<div class=\"premium-blog-thumbnail-container premium-blog-zoomin-effect\">\n\t\t\t\t\t\t\t<img decoding=\"async\" width=\"866\" height=\"199\" src=\"https:\/\/www.xadv.eu\/wp-content\/uploads\/2024\/04\/functional-split-small-cell-all.jpg\" class=\"attachment-full size-full wp-image-2634\" alt=\"\" srcset=\"https:\/\/www.xadv.eu\/wp-content\/uploads\/2024\/04\/functional-split-small-cell-all.jpg 866w, https:\/\/www.xadv.eu\/wp-content\/uploads\/2024\/04\/functional-split-small-cell-all-300x69.jpg 300w, https:\/\/www.xadv.eu\/wp-content\/uploads\/2024\/04\/functional-split-small-cell-all-768x176.jpg 768w, https:\/\/www.xadv.eu\/wp-content\/uploads\/2024\/04\/functional-split-small-cell-all-18x4.jpg 18w\" sizes=\"(max-width: 866px) 100vw, 866px\" \/>\t\t\t\t\t\t<\/div>\n\t\t\t\t\t\t\t\t\t\t\t\t\t<div class=\"premium-blog-thumbnail-overlay\">\n\t\t\t\t\t\t\t\t<a class=\"elementor-icon\" href=\"https:\/\/www.xadv.eu\/hu\/2024\/04\/12\/virtualizalt-small-cellak-functionalis-split-opcioi\/\" target=\"_blank\" aria-hidden=\"true\"><span>Virtualiz\u00e1lt Small Cell\u00e1k Function\u00e1lis Split Opci\u00f3i<\/span><\/a>\n\t\t\t\t\t\t\t<\/div>\n\n\t\t\t\t\t\t\t\t\t\t\t\t\t\t\t\t\t\t<\/div>\n\t\t\t\t\t\t\t\t\t\t\t\t<div class=\"premium-blog-content-wrapper\">\n\n\t\t\t\t\t<div class=\"premium-blog-inner-container\">\n\n\t\t\t\t\t\t\t\t\t\t\t\t\t\t<h2 class=\"premium-blog-entry-title\">\n\t\t\t<a href=\"https:\/\/www.xadv.eu\/hu\/2024\/04\/12\/virtualizalt-small-cellak-functionalis-split-opcioi\/\" target=\"_blank\">\n\t\t\t\tVirtualiz\u00e1lt Small Cell\u00e1k Function\u00e1lis Split Opci\u00f3i\t\t\t<\/a>\n\t\t<\/h2>\n\t\t\t\t<div class=\"premium-blog-entry-meta\">\n\t\t\t\n\t\t\t\t\t\t\t<span class=\"premium-blog-meta-separator\">\u2022<\/span>\n\t\t\t\t<div class=\"premium-blog-post-time premium-blog-meta-data\">\n\t\t\t\t\t<i class=\"fa fa-calendar-alt\" aria-hidden=\"true\"><\/i>\n\t\t\t\t\t<span>\u00e1prilis 12, 2024<\/span>\n\t\t\t\t<\/div>\n\t\t\t\n\t\t\t\n\t\t\t\t\t<\/div>\n\t\t\n\t\t\t\t\t<\/div>\n\n\t\t\t\t\t\t\t<div class=\"premium-blog-content-inner-wrapper\">\n\t\t<p class=\"premium-blog-post-content\">A virtualiz\u00e1ci\u00f3 m\u00e1r egy ideje ismert a mobil k\u00f6zponti h\u00e1l\u00f3zatokban (core network) \u00e9s a macro<\/p><div class=\"premium-blog-excerpt-link-wrap\"><a href=\"https:\/\/www.xadv.eu\/hu\/2024\/04\/12\/virtualizalt-small-cellak-functionalis-split-opcioi\/\" target=\"_blank\" class=\"premium-blog-excerpt-link elementor-button\">Read More \u00bb<\/a><\/div>\t\t<\/div>\n\t\t\t\t\t\t\t\n\t\t\t\t<\/div>\n\t\t\t<\/div>\n\t\t<\/div>\n\n\t\t\t\t<div class=\"premium-blog-post-outer-container\" data-total=\"7\">\n\t\t\t<div class=\"premium-blog-post-container premium-blog-skin-classic\">\n\t\t\t\t\t\t\t\t\t<div class=\"premium-blog-thumb-effect-wrapper\">\n\t\t\t\t\t\t<div class=\"premium-blog-thumbnail-container premium-blog-zoomin-effect\">\n\t\t\t\t\t\t\t<img loading=\"lazy\" decoding=\"async\" width=\"713\" height=\"500\" src=\"https:\/\/www.xadv.eu\/wp-content\/uploads\/2024\/04\/virtualization-img-v25.jpg\" class=\"attachment-full size-full wp-image-2621\" alt=\"\" srcset=\"https:\/\/www.xadv.eu\/wp-content\/uploads\/2024\/04\/virtualization-img-v25.jpg 713w, https:\/\/www.xadv.eu\/wp-content\/uploads\/2024\/04\/virtualization-img-v25-300x210.jpg 300w, https:\/\/www.xadv.eu\/wp-content\/uploads\/2024\/04\/virtualization-img-v25-18x12.jpg 18w\" sizes=\"(max-width: 713px) 100vw, 713px\" \/>\t\t\t\t\t\t<\/div>\n\t\t\t\t\t\t\t\t\t\t\t\t\t<div class=\"premium-blog-thumbnail-overlay\">\n\t\t\t\t\t\t\t\t<a class=\"elementor-icon\" href=\"https:\/\/www.xadv.eu\/hu\/2024\/04\/12\/virtualizalt-small-cella-konfiguraciok\/\" target=\"_blank\" aria-hidden=\"true\"><span>Virtualiz\u00e1lt Small Cella Konfigur\u00e1ci\u00f3k<\/span><\/a>\n\t\t\t\t\t\t\t<\/div>\n\n\t\t\t\t\t\t\t\t\t\t\t\t\t\t\t\t\t\t<\/div>\n\t\t\t\t\t\t\t\t\t\t\t\t<div class=\"premium-blog-content-wrapper\">\n\n\t\t\t\t\t<div class=\"premium-blog-inner-container\">\n\n\t\t\t\t\t\t\t\t\t\t\t\t\t\t<h2 class=\"premium-blog-entry-title\">\n\t\t\t<a href=\"https:\/\/www.xadv.eu\/hu\/2024\/04\/12\/virtualizalt-small-cella-konfiguraciok\/\" target=\"_blank\">\n\t\t\t\tVirtualiz\u00e1lt Small Cella Konfigur\u00e1ci\u00f3k\t\t\t<\/a>\n\t\t<\/h2>\n\t\t\t\t<div class=\"premium-blog-entry-meta\">\n\t\t\t\n\t\t\t\t\t\t\t<span class=\"premium-blog-meta-separator\">\u2022<\/span>\n\t\t\t\t<div class=\"premium-blog-post-time premium-blog-meta-data\">\n\t\t\t\t\t<i class=\"fa fa-calendar-alt\" aria-hidden=\"true\"><\/i>\n\t\t\t\t\t<span>\u00e1prilis 12, 2024<\/span>\n\t\t\t\t<\/div>\n\t\t\t\n\t\t\t\n\t\t\t\t\t<\/div>\n\t\t\n\t\t\t\t\t<\/div>\n\n\t\t\t\t\t\t\t<div class=\"premium-blog-content-inner-wrapper\">\n\t\t<p class=\"premium-blog-post-content\">A small cell\u00e1k virtualiz\u00e1ci\u00f3ja t\u00f6bb lehet\u0151s\u00e9get is k\u00edn\u00e1l mind a mobilh\u00e1l\u00f3zat \u00fczemeltet\u0151k, mind a Neutral<\/p><div class=\"premium-blog-excerpt-link-wrap\"><a href=\"https:\/\/www.xadv.eu\/hu\/2024\/04\/12\/virtualizalt-small-cella-konfiguraciok\/\" target=\"_blank\" class=\"premium-blog-excerpt-link elementor-button\">Read More \u00bb<\/a><\/div>\t\t<\/div>\n\t\t\t\t\t\t\t\n\t\t\t\t<\/div>\n\t\t\t<\/div>\n\t\t<\/div>\n\n\t\t\t\t<\/div>\n\n\t\t\t\t<div class=\"premium-blog-footer\">\n\t\t\t\t\t\t<nav class=\"premium-blog-pagination-container\" role=\"navigation\" aria-label=\"Pagination\">\n\t\t\t\t<span aria-current=\"page\" class=\"page-numbers current\">1<\/span>\n<a class=\"page-numbers\" href=\"https:\/\/www.xadv.eu\/hu\/wp-json\/wp\/v2\/pages\/1330\/page\/2\/\">2<\/a>\n<a class=\"page-numbers\" href=\"https:\/\/www.xadv.eu\/hu\/wp-json\/wp\/v2\/pages\/1330\/page\/3\/\">3<\/a>\n<span class=\"page-numbers dots\">&hellip;<\/span>\n<a class=\"page-numbers\" href=\"https:\/\/www.xadv.eu\/hu\/wp-json\/wp\/v2\/pages\/1330\/page\/5\/\">5<\/a>\n<a class=\"next page-numbers\" href=\"https:\/\/www.xadv.eu\/hu\/wp-json\/wp\/v2\/pages\/1330\/page\/2\/\">Next \u00bb<\/a>\t\t\t<\/nav>\n\t\t\t\t\t<\/div>\n\t\t\t\t\t<\/div>\n\t\t\t\t<\/div>\n\t\t\t\t\t<\/div>\n\t\t<\/div>\n\t\t\t\t<div class=\"elementor-column elementor-col-50 elementor-top-column elementor-element elementor-element-4012263\" data-id=\"4012263\" data-element_type=\"column\" data-settings=\"{&quot;background_background&quot;:&quot;classic&quot;}\">\n\t\t\t<div class=\"elementor-widget-wrap elementor-element-populated\">\n\t\t\t\t\t\t<div class=\"elementor-element elementor-element-c2c3b97 elementor-widget elementor-widget-sidebar\" data-id=\"c2c3b97\" data-element_type=\"widget\" data-widget_type=\"sidebar.default\">\n\t\t\t\t<div class=\"elementor-widget-container\">\n\t\t\t<aside id=\"search-1\" class=\"widget widget_search\"><form role=\"search\" method=\"get\" class=\"search-form\" action=\"https:\/\/www.xadv.eu\/hu\/\" data-trp-original-action=\"https:\/\/www.xadv.eu\/hu\/\">\n\t<label>\n\t\t<span class=\"screen-reader-text\">Search for:<\/span>\n\t\t<input type=\"search\" class=\"search-field\"  placeholder=\"Search &hellip;\" value=\"\" name=\"s\" tabindex=\"-1\">\n\t\t\t<\/label>\n\t\t\t<input type=\"submit\" class=\"search-submit\" value=\"Search\">\n\t<input type=\"hidden\" name=\"trp-form-language\" value=\"hu\"\/><\/form>\n<\/aside><aside id=\"block-3\" class=\"widget widget_block\">\n<div class=\"wp-block-group has-ast-global-color-1-color has-text-color is-layout-constrained wp-container-core-group-is-layout-9bd5295f wp-block-group-is-layout-constrained\" style=\"padding-top:var(--wp--preset--spacing--40);padding-right:var(--wp--preset--spacing--40);padding-bottom:var(--wp--preset--spacing--40);padding-left:var(--wp--preset--spacing--40)\"><div class=\"wp-block-group__inner-container\">\n<h2 class=\"wp-block-heading has-text-color has-medium-font-size\" style=\"color:#2b5d98;margin-top:0\">Legut\u00f3bbi Blogok<\/h2>\n\n\n<ul style=\"color:#b61818;\" class=\"wp-block-latest-posts__list wp-block-latest-posts has-text-color has-small-font-size\"><li><a class=\"wp-block-latest-posts__post-title\" href=\"https:\/\/www.xadv.eu\/hu\/2024\/07\/10\/ai-ris-haps-6g-ar-vr-ot-jovobeli-technologia-a-vilag-megvaltoztatasahoz\/\">AI, RIS, HAPS, 6G, AR\/VR \u2013 \u00f6t j\u00f6v\u0151beli technol\u00f3gia a vil\u00e1g megv\u00e1ltoztat\u00e1s\u00e1hoz<\/a><\/li>\n<li><a class=\"wp-block-latest-posts__post-title\" href=\"https:\/\/www.xadv.eu\/hu\/2024\/07\/10\/a-telekom-privat-5g-campus-halozatot-telepitett-az-rtl-deutschland-szamara\/\">A Telekom priv\u00e1t 5G campus h\u00e1l\u00f3zatot telep\u00edtett az RTL Deutschland sz\u00e1m\u00e1ra<\/a><\/li>\n<li><a class=\"wp-block-latest-posts__post-title\" href=\"https:\/\/www.xadv.eu\/hu\/2024\/07\/10\/ericsson-uj-megoldasa-a-radio-halozati-energia-intelligens-felhasznalasara\/\">Ericsson \u00faj megold\u00e1sa a r\u00e1di\u00f3 h\u00e1l\u00f3zati energia intelligens felhaszn\u00e1l\u00e1s\u00e1ra<\/a><\/li>\n<li><a class=\"wp-block-latest-posts__post-title\" href=\"https:\/\/www.xadv.eu\/hu\/2024\/07\/10\/az-optus-ausztral-tavkozlesi-szolgaltato-az-ericsson-5g-a-interferencia-erzekelo-funkciojat-teszteli-a-halozataban\/\">Az Optus ausztr\u00e1l t\u00e1vk\u00f6zl\u00e9si szolg\u00e1ltat\u00f3 az Ericsson 5G-A interferencia \u00e9rz\u00e9kel\u0151 funkci\u00f3j\u00e1t teszteli a h\u00e1l\u00f3zat\u00e1ban<\/a><\/li>\n<li><a class=\"wp-block-latest-posts__post-title\" href=\"https:\/\/www.xadv.eu\/hu\/2024\/07\/10\/a-laborbol-a-gyarakba-a-deutsche-telekom-5g-mmwave-ot-kinal-nemetorszagi-ipari-ugyfelek-szamara\/\">A laborb\u00f3l a gy\u00e1rakba: A Deutsche Telekom 5G mmWave-ot k\u00edn\u00e1l n\u00e9metorsz\u00e1gi ipari \u00fcgyfelek sz\u00e1m\u00e1ra<\/a><\/li>\n<\/ul><\/div><\/div>\n<\/aside><aside id=\"block-6\" class=\"widget widget_block\">\n<div class=\"wp-block-group is-layout-flow wp-container-core-group-is-layout-38be50c3 wp-block-group-is-layout-flow\" style=\"padding-top:var(--wp--preset--spacing--40);padding-right:var(--wp--preset--spacing--40);padding-bottom:var(--wp--preset--spacing--40);padding-left:var(--wp--preset--spacing--40)\"><div class=\"wp-block-group__inner-container\">\n<h2 class=\"wp-block-heading has-text-color has-medium-font-size\" style=\"color:#2b5d98\">Kateg\u00f3ri\u00e1k<\/h2>\n\n\n<ul class=\"wp-block-categories-list wp-block-categories has-small-font-size\">\t<li class=\"cat-item cat-item-21\"><a href=\"https:\/\/www.xadv.eu\/hu\/category\/blog\/5g\/\">5G<\/a>\n<\/li>\n\t<li class=\"cat-item cat-item-91\"><a href=\"https:\/\/www.xadv.eu\/hu\/category\/blog\/ai-in-telecom\/\">AI in Telecom<\/a>\n<\/li>\n\t<li class=\"cat-item cat-item-22\"><a href=\"https:\/\/www.xadv.eu\/hu\/category\/blog\/cloud-ran\/\">Cloud RAN<\/a>\n<\/li>\n\t<li class=\"cat-item cat-item-90\"><a href=\"https:\/\/www.xadv.eu\/hu\/category\/blog\/edge-computing\/\">Edge Computing<\/a>\n<\/li>\n\t<li class=\"cat-item cat-item-47\"><a href=\"https:\/\/www.xadv.eu\/hu\/category\/hirek\/\">Hirek<\/a>\n<\/li>\n\t<li class=\"cat-item cat-item-84\"><a href=\"https:\/\/www.xadv.eu\/hu\/category\/blog\/mobile-private-network\/\">Mobile Private Network<\/a>\n<\/li>\n\t<li class=\"cat-item cat-item-23\"><a href=\"https:\/\/www.xadv.eu\/hu\/category\/blog\/network-slicing\/\">Network Slicing<\/a>\n<\/li>\n\t<li class=\"cat-item cat-item-87\"><a href=\"https:\/\/www.xadv.eu\/hu\/category\/blog\/neutral-hosting\/\">Neutral Hosting<\/a>\n<\/li>\n\t<li class=\"cat-item cat-item-49\"><a href=\"https:\/\/www.xadv.eu\/hu\/category\/news\/\">Hirek<\/a>\n<\/li>\n\t<li class=\"cat-item cat-item-20\"><a href=\"https:\/\/www.xadv.eu\/hu\/category\/blog\/open-ran\/\">Open-RAN<\/a>\n<\/li>\n\t<li class=\"cat-item cat-item-88\"><a href=\"https:\/\/www.xadv.eu\/hu\/category\/blog\/small-cell\/\">Small Cell<\/a>\n<\/li>\n\t<li class=\"cat-item cat-item-92\"><a href=\"https:\/\/www.xadv.eu\/hu\/category\/blog\/tco-strategies\/\">TCO Strategies<\/a>\n<\/li>\n\t<li class=\"cat-item cat-item-1\"><a href=\"https:\/\/www.xadv.eu\/hu\/category\/blog\/uncategorized\/\">Uncategorized<\/a>\n<\/li>\n<\/ul><\/div><\/div>\n<\/aside>\t\t<\/div>\n\t\t\t\t<\/div>\n\t\t\t\t\t<\/div>\n\t\t<\/div>\n\t\t\t\t\t<\/div>\n\t\t<\/section>\n\t\t\t\t<\/div>","protected":false},"excerpt":{"rendered":"<p>Open-RAN Technical information details about the Open-RAN technology. Netural Hosting Architekt\u00far\u00e1k Netural Hosting Architekt\u00far\u00e1k \u2022 April 22, 2024 Netural Host A neutral host olyan v\u00e1llalat, amely informatikai infrastrukt\u00far\u00e1t telep\u00edt \u00e9s \u00fczemeltet, ami lehet Read More \u00bb CPRI \u00e9s eCPRI CPRI \u00e9s eCPRI \u2022 April 19, 2024 CPRI A CPRI (Common Public Radio Interface) a vezet\u00e9k &hellip;<\/p>\n<p class=\"read-more\"> <a class=\"\" href=\"https:\/\/www.xadv.eu\/hu\/2024\/04\/12\/virtualizalt-small-cella-konfiguraciok\/\"> <span class=\"screen-reader-text\">Virtualiz\u00e1lt Small Cella Konfigur\u00e1ci\u00f3k<\/span> Read More &raquo;<\/a><\/p>","protected":false},"author":1,"featured_media":0,"parent":1320,"menu_order":0,"comment_status":"closed","ping_status":"closed","template":"","meta":{"site-sidebar-layout":"no-sidebar","site-content-layout":"page-builder","ast-global-header-display":"","ast-banner-title-visibility":"","ast-main-header-display":"","ast-hfb-above-header-display":"","ast-hfb-below-header-display":"","ast-hfb-mobile-header-display":"","site-post-title":"disabled","ast-breadcrumbs-content":"","ast-featured-img":"disabled","footer-sml-layout":"","theme-transparent-header-meta":"","adv-header-id-meta":"","stick-header-meta":"","header-above-stick-meta":"","header-main-stick-meta":"","header-below-stick-meta":"","footnotes":""},"class_list":["post-1330","page","type-page","status-publish","hentry"],"_links":{"self":[{"href":"https:\/\/www.xadv.eu\/hu\/wp-json\/wp\/v2\/pages\/1330","targetHints":{"allow":["GET"]}}],"collection":[{"href":"https:\/\/www.xadv.eu\/hu\/wp-json\/wp\/v2\/pages"}],"about":[{"href":"https:\/\/www.xadv.eu\/hu\/wp-json\/wp\/v2\/types\/page"}],"author":[{"embeddable":true,"href":"https:\/\/www.xadv.eu\/hu\/wp-json\/wp\/v2\/users\/1"}],"replies":[{"embeddable":true,"href":"https:\/\/www.xadv.eu\/hu\/wp-json\/wp\/v2\/comments?post=1330"}],"version-history":[{"count":25,"href":"https:\/\/www.xadv.eu\/hu\/wp-json\/wp\/v2\/pages\/1330\/revisions"}],"predecessor-version":[{"id":3031,"href":"https:\/\/www.xadv.eu\/hu\/wp-json\/wp\/v2\/pages\/1330\/revisions\/3031"}],"up":[{"embeddable":true,"href":"https:\/\/www.xadv.eu\/hu\/wp-json\/wp\/v2\/pages\/1320"}],"wp:attachment":[{"href":"https:\/\/www.xadv.eu\/hu\/wp-json\/wp\/v2\/media?parent=1330"}],"curies":[{"name":"wp","href":"https:\/\/api.w.org\/{rel}","templated":true}]}}